{"id":115,"date":"2018-10-01T19:31:22","date_gmt":"2018-10-01T19:31:22","guid":{"rendered":"https:\/\/caferaceclub.ch\/?page_id=115"},"modified":"2020-06-01T21:04:23","modified_gmt":"2020-06-01T21:04:23","slug":"crc-kawasaki-gpx-600-r","status":"publish","type":"page","link":"https:\/\/caferaceclub.ch\/index.php\/crc-kawasaki-gpx-600-r\/","title":{"rendered":"CRC Kawasaki GPX 600 R"},"content":{"rendered":"\n<p>Das&nbsp;zweit Projekt von CRC, die&nbsp;Kawasaki GPX 600 R aus dem Jahre 1992. Dieser Reiehnvierer mit 600 ccm und seinen 36.7 KW eignet sich sehr gut f\u00fcr einen Umbau in der Richtung eines Caferacer&#8217;s. Der&nbsp;8 Ventiler mit zwei oben liegenden Nockenwellen&nbsp;ist ein solider Motor, unser Exemplar weist nach \u00fcber 26&nbsp;Betriebsjahren und mehr als 35&#8217;000 km keine gravierenden inneren Organsch\u00e4den auf. Vor allem im oberen Drehzahlbereich geht was, aber auch im unteren Drehzahlbereich, bietet der Motor gen\u00fcgend Drehmoment f\u00fcr eine niedertourige Fahrweise.<\/p>\n\n\n\n<div class=\"wp-block-image\"><figure class=\"aligncenter size-large\"><img loading=\"lazy\" decoding=\"async\" width=\"1024\" height=\"768\" src=\"https:\/\/caferaceclub.ch\/wp-content\/uploads\/2020\/05\/IMG_2868-1024x768.jpg\" alt=\"\" class=\"wp-image-316\" srcset=\"https:\/\/caferaceclub.ch\/wp-content\/uploads\/2020\/05\/IMG_2868-1024x768.jpg 1024w, https:\/\/caferaceclub.ch\/wp-content\/uploads\/2020\/05\/IMG_2868-300x225.jpg 300w, https:\/\/caferaceclub.ch\/wp-content\/uploads\/2020\/05\/IMG_2868-768x576.jpg 768w, https:\/\/caferaceclub.ch\/wp-content\/uploads\/2020\/05\/IMG_2868-1536x1152.jpg 1536w, https:\/\/caferaceclub.ch\/wp-content\/uploads\/2020\/05\/IMG_2868-2048x1536.jpg 2048w, https:\/\/caferaceclub.ch\/wp-content\/uploads\/2020\/05\/IMG_2868-350x263.jpg 350w\" sizes=\"auto, (max-width: 706px) 89vw, (max-width: 767px) 82vw, 740px\" \/><\/figure><\/div>\n\n\n\n<p>Die&nbsp;Kawa gibt es auf dem Schweizer Motorradmarkt schon ab CHF 1000.- zu kaufen, gut erhalten Exemplare kosten aber mehr.&nbsp; Diese Kawa wurde nur in einer Auflage von einigen 1000 Stk. produziert, es k\u00f6nnte sein, dass sie noch ein beliebter Veteran oder Old Timer werden k\u00f6nnte.&nbsp;<\/p>\n\n\n\n<figure class=\"wp-block-image\"><img loading=\"lazy\" decoding=\"async\" width=\"1136\" height=\"640\" src=\"https:\/\/caferaceclub.ch\/wp-content\/uploads\/2018\/10\/fullsizeoutput_8f.jpeg\" alt=\"\" class=\"wp-image-134\" srcset=\"https:\/\/caferaceclub.ch\/wp-content\/uploads\/2018\/10\/fullsizeoutput_8f.jpeg 1136w, https:\/\/caferaceclub.ch\/wp-content\/uploads\/2018\/10\/fullsizeoutput_8f-300x169.jpeg 300w, https:\/\/caferaceclub.ch\/wp-content\/uploads\/2018\/10\/fullsizeoutput_8f-768x433.jpeg 768w, https:\/\/caferaceclub.ch\/wp-content\/uploads\/2018\/10\/fullsizeoutput_8f-1024x577.jpeg 1024w, https:\/\/caferaceclub.ch\/wp-content\/uploads\/2018\/10\/fullsizeoutput_8f-350x197.jpeg 350w\" sizes=\"auto, (max-width: 706px) 89vw, (max-width: 767px) 82vw, 740px\" \/><\/figure>\n\n\n\n<p>Der Heckrahmen wurde aus dem original Heckrahmen entnommen und angepasst, die Auspuffanlage inkl. Kr\u00fcmmer und Laser Endschalld\u00e4mpfer ist von einer ZX-6 R. Die Vergaser verf\u00fcgen \u00fcber Dynojet Stage 3 Bed\u00fcsung.<\/p>\n","protected":false},"excerpt":{"rendered":"<p>Das&nbsp;zweit Projekt von CRC, die&nbsp;Kawasaki GPX 600 R aus dem Jahre 1992. Dieser Reiehnvierer mit 600 ccm und seinen 36.7 KW eignet sich sehr gut f\u00fcr einen Umbau in der Richtung eines Caferacer&#8217;s. Der&nbsp;8 Ventiler mit zwei oben liegenden Nockenwellen&nbsp;ist ein solider Motor, unser Exemplar weist nach \u00fcber 26&nbsp;Betriebsjahren und mehr als 35&#8217;000 km keine &hellip; <\/p>\n<p class=\"link-more\"><a href=\"https:\/\/caferaceclub.ch\/index.php\/crc-kawasaki-gpx-600-r\/\" class=\"more-link\"><span class=\"screen-reader-text\">\u201eCRC Kawasaki GPX 600 R\u201c <\/span>weiterlesen<\/a><\/p>\n","protected":false},"author":1,"featured_media":34,"parent":0,"menu_order":0,"comment_status":"closed","ping_status":"closed","template":"","meta":{"footnotes":""},"class_list":["post-115","page","type-page","status-publish","has-post-thumbnail","hentry"],"_links":{"self":[{"href":"https:\/\/caferaceclub.ch\/index.php\/wp-json\/wp\/v2\/pages\/115","targetHints":{"allow":["GET"]}}],"collection":[{"href":"https:\/\/caferaceclub.ch\/index.php\/wp-json\/wp\/v2\/pages"}],"about":[{"href":"https:\/\/caferaceclub.ch\/index.php\/wp-json\/wp\/v2\/types\/page"}],"author":[{"embeddable":true,"href":"https:\/\/caferaceclub.ch\/index.php\/wp-json\/wp\/v2\/users\/1"}],"replies":[{"embeddable":true,"href":"https:\/\/caferaceclub.ch\/index.php\/wp-json\/wp\/v2\/comments?post=115"}],"version-history":[{"count":5,"href":"https:\/\/caferaceclub.ch\/index.php\/wp-json\/wp\/v2\/pages\/115\/revisions"}],"predecessor-version":[{"id":429,"href":"https:\/\/caferaceclub.ch\/index.php\/wp-json\/wp\/v2\/pages\/115\/revisions\/429"}],"wp:featuredmedia":[{"embeddable":true,"href":"https:\/\/caferaceclub.ch\/index.php\/wp-json\/wp\/v2\/media\/34"}],"wp:attachment":[{"href":"https:\/\/caferaceclub.ch\/index.php\/wp-json\/wp\/v2\/media?parent=115"}],"curies":[{"name":"wp","href":"https:\/\/api.w.org\/{rel}","templated":true}]}}