{"id":12,"date":"2018-10-01T09:22:20","date_gmt":"2018-10-01T09:22:20","guid":{"rendered":"https:\/\/caferaceclub.ch\/?page_id=12"},"modified":"2020-06-01T20:18:54","modified_gmt":"2020-06-01T20:18:54","slug":"workshop","status":"publish","type":"page","link":"https:\/\/caferaceclub.ch\/index.php\/workshop\/","title":{"rendered":"Workshop"},"content":{"rendered":"<h5><strong>Garage<\/strong><\/h5>\n<p>In unserem Workshop, oder nennen wir&#8217;s &#8222;Motorradschmiede&#8220;, k\u00f6nnen Tr\u00e4ume wahr werden. Wir fertigen Teile, optimieren Fahrwerke, montieren edles Zubeh\u00f6r und tunen Motoren. Egal welchen Jahrgang ihr Bike aufweist, es ist immer eine L\u00f6sung vorhanden.&nbsp; Wir von CRC k\u00f6nnen diese L\u00f6sungen in den genannten Fachbereichen anbieten, auch Anbau-Teile k\u00f6nnen wir aus Alu ,Edel-Stahl oder GFK herstellen.<\/p>\n\n\n<div class=\"wp-block-image\"><figure class=\"aligncenter size-large\"><img loading=\"lazy\" decoding=\"async\" width=\"1024\" height=\"768\" src=\"https:\/\/caferaceclub.ch\/wp-content\/uploads\/2018\/10\/IMG_5041-1024x768.jpg\" alt=\"\" class=\"wp-image-132\" srcset=\"https:\/\/caferaceclub.ch\/wp-content\/uploads\/2018\/10\/IMG_5041-1024x768.jpg 1024w, https:\/\/caferaceclub.ch\/wp-content\/uploads\/2018\/10\/IMG_5041-300x225.jpg 300w, https:\/\/caferaceclub.ch\/wp-content\/uploads\/2018\/10\/IMG_5041-768x576.jpg 768w, https:\/\/caferaceclub.ch\/wp-content\/uploads\/2018\/10\/IMG_5041-350x263.jpg 350w\" sizes=\"auto, (max-width: 706px) 89vw, (max-width: 767px) 82vw, 740px\" \/><\/figure><\/div>\n\n\n\n<p>In unserer modern ausger\u00fcsteten Werkstatt, sind wir in der Lage, alle f\u00fcr den Umbau n\u00f6tigen Arbeiten zu erledigen. Durch die Gr\u00f6sse unseres Shops, haben wir immer ein Platz frei.<\/p>\n","protected":false},"excerpt":{"rendered":"<p>Garage In unserem Workshop, oder nennen wir&#8217;s &#8222;Motorradschmiede&#8220;, k\u00f6nnen Tr\u00e4ume wahr werden. Wir fertigen Teile, optimieren Fahrwerke, montieren edles Zubeh\u00f6r und tunen Motoren. Egal welchen Jahrgang ihr Bike aufweist, es ist immer eine L\u00f6sung vorhanden.&nbsp; Wir von CRC k\u00f6nnen diese L\u00f6sungen in den genannten Fachbereichen anbieten, auch Anbau-Teile k\u00f6nnen wir aus Alu ,Edel-Stahl oder GFK &hellip; <\/p>\n<p class=\"link-more\"><a href=\"https:\/\/caferaceclub.ch\/index.php\/workshop\/\" class=\"more-link\"><span class=\"screen-reader-text\">\u201eWorkshop\u201c <\/span>weiterlesen<\/a><\/p>\n","protected":false},"author":1,"featured_media":421,"parent":0,"menu_order":0,"comment_status":"closed","ping_status":"closed","template":"","meta":{"footnotes":""},"class_list":["post-12","page","type-page","status-publish","has-post-thumbnail","hentry"],"_links":{"self":[{"href":"https:\/\/caferaceclub.ch\/index.php\/wp-json\/wp\/v2\/pages\/12","targetHints":{"allow":["GET"]}}],"collection":[{"href":"https:\/\/caferaceclub.ch\/index.php\/wp-json\/wp\/v2\/pages"}],"about":[{"href":"https:\/\/caferaceclub.ch\/index.php\/wp-json\/wp\/v2\/types\/page"}],"author":[{"embeddable":true,"href":"https:\/\/caferaceclub.ch\/index.php\/wp-json\/wp\/v2\/users\/1"}],"replies":[{"embeddable":true,"href":"https:\/\/caferaceclub.ch\/index.php\/wp-json\/wp\/v2\/comments?post=12"}],"version-history":[{"count":15,"href":"https:\/\/caferaceclub.ch\/index.php\/wp-json\/wp\/v2\/pages\/12\/revisions"}],"predecessor-version":[{"id":422,"href":"https:\/\/caferaceclub.ch\/index.php\/wp-json\/wp\/v2\/pages\/12\/revisions\/422"}],"wp:featuredmedia":[{"embeddable":true,"href":"https:\/\/caferaceclub.ch\/index.php\/wp-json\/wp\/v2\/media\/421"}],"wp:attachment":[{"href":"https:\/\/caferaceclub.ch\/index.php\/wp-json\/wp\/v2\/media?parent=12"}],"curies":[{"name":"wp","href":"https:\/\/api.w.org\/{rel}","templated":true}]}}