{"id":124,"date":"2018-10-01T19:34:14","date_gmt":"2018-10-01T19:34:14","guid":{"rendered":"https:\/\/caferaceclub.ch\/?page_id=124"},"modified":"2020-06-04T15:32:15","modified_gmt":"2020-06-04T15:32:15","slug":"crc-projects","status":"publish","type":"page","link":"https:\/\/caferaceclub.ch\/index.php\/crc-projects\/","title":{"rendered":"CRC Projects"},"content":{"rendered":"\n<p>Der Cafe Race Club besinnt sich auf Projekte, die ein bestehendes Motorrad aufwerten und im besten Fall etwas verbessern. Sei dies durch das \u00dcberholen des Motors oder anderen mechanischen Bauteilen.\u00a0 <br>Unser Ziel ist es, alte oder \u00e4ltere Bikes wieder so auf die Strasse zu bringen, dass Sie dem Fahrer ein Gef\u00fchl von Exklusivit\u00e4t vermitteln. Gerne pr\u00fcfen wir die W\u00fcnsche des Kunden und versuchen diesen Ausdruck zu verleihen. <\/p>\n\n\n\n<figure class=\"wp-block-image\"><img loading=\"lazy\" decoding=\"async\" width=\"4032\" height=\"3024\" src=\"https:\/\/caferaceclub.ch\/wp-content\/uploads\/2018\/10\/IMG_5566.jpg\" alt=\"\" class=\"wp-image-211\" srcset=\"https:\/\/caferaceclub.ch\/wp-content\/uploads\/2018\/10\/IMG_5566.jpg 4032w, https:\/\/caferaceclub.ch\/wp-content\/uploads\/2018\/10\/IMG_5566-300x225.jpg 300w, https:\/\/caferaceclub.ch\/wp-content\/uploads\/2018\/10\/IMG_5566-768x576.jpg 768w, https:\/\/caferaceclub.ch\/wp-content\/uploads\/2018\/10\/IMG_5566-1024x768.jpg 1024w, https:\/\/caferaceclub.ch\/wp-content\/uploads\/2018\/10\/IMG_5566-350x263.jpg 350w\" sizes=\"auto, (max-width: 706px) 89vw, (max-width: 767px) 82vw, 740px\" \/><\/figure>\n\n\n\n<p>Wir sind totale Petrolheads, mit Dreck unter den Fingern\u00e4geln, jedoch h\u00e4ngt der Hugo Boss Anzug im Kleiderschrank und ist immer griffbereit f\u00fcr besondere Anl\u00e4sse.&nbsp;<\/p>\n","protected":false},"excerpt":{"rendered":"<p>Der Cafe Race Club besinnt sich auf Projekte, die ein bestehendes Motorrad aufwerten und im besten Fall etwas verbessern. Sei dies durch das \u00dcberholen des Motors oder anderen mechanischen Bauteilen.\u00a0 Unser Ziel ist es, alte oder \u00e4ltere Bikes wieder so auf die Strasse zu bringen, dass Sie dem Fahrer ein Gef\u00fchl von Exklusivit\u00e4t vermitteln. Gerne &hellip; <\/p>\n<p class=\"link-more\"><a href=\"https:\/\/caferaceclub.ch\/index.php\/crc-projects\/\" class=\"more-link\"><span class=\"screen-reader-text\">\u201eCRC Projects\u201c <\/span>weiterlesen<\/a><\/p>\n","protected":false},"author":1,"featured_media":380,"parent":0,"menu_order":0,"comment_status":"closed","ping_status":"closed","template":"","meta":{"footnotes":""},"class_list":["post-124","page","type-page","status-publish","has-post-thumbnail","hentry"],"_links":{"self":[{"href":"https:\/\/caferaceclub.ch\/index.php\/wp-json\/wp\/v2\/pages\/124","targetHints":{"allow":["GET"]}}],"collection":[{"href":"https:\/\/caferaceclub.ch\/index.php\/wp-json\/wp\/v2\/pages"}],"about":[{"href":"https:\/\/caferaceclub.ch\/index.php\/wp-json\/wp\/v2\/types\/page"}],"author":[{"embeddable":true,"href":"https:\/\/caferaceclub.ch\/index.php\/wp-json\/wp\/v2\/users\/1"}],"replies":[{"embeddable":true,"href":"https:\/\/caferaceclub.ch\/index.php\/wp-json\/wp\/v2\/comments?post=124"}],"version-history":[{"count":6,"href":"https:\/\/caferaceclub.ch\/index.php\/wp-json\/wp\/v2\/pages\/124\/revisions"}],"predecessor-version":[{"id":446,"href":"https:\/\/caferaceclub.ch\/index.php\/wp-json\/wp\/v2\/pages\/124\/revisions\/446"}],"wp:featuredmedia":[{"embeddable":true,"href":"https:\/\/caferaceclub.ch\/index.php\/wp-json\/wp\/v2\/media\/380"}],"wp:attachment":[{"href":"https:\/\/caferaceclub.ch\/index.php\/wp-json\/wp\/v2\/media?parent=124"}],"curies":[{"name":"wp","href":"https:\/\/api.w.org\/{rel}","templated":true}]}}