{"id":126,"date":"2018-10-01T19:35:43","date_gmt":"2018-10-01T19:35:43","guid":{"rendered":"https:\/\/caferaceclub.ch\/?page_id=126"},"modified":"2020-06-04T13:05:45","modified_gmt":"2020-06-04T13:05:45","slug":"crc-yamaha-tt-600-r","status":"publish","type":"page","link":"https:\/\/caferaceclub.ch\/index.php\/crc-yamaha-tt-600-r\/","title":{"rendered":"CRC Yamaha TT 600 R"},"content":{"rendered":"\n<p>Die Yamaha ist ein Kundenprojekt, und entstand aus dem Enthusiasmus des Endurofahrers, der sich \u00fcber jegliche Gewichtsersparnisse freut. Die Yamaha TT 600 R weist den Jahrgang 2000 auf und hat ab Werk ein \u00d6hlins Federbein hinten. Der Einzylinder ist luftgek\u00fchlt und sehr KM resistent. Der Abstecher auf die Autobahn ist aber auch hier zu vermeiden.<\/p>\n\n\n\n<figure class=\"wp-block-image size-large\"><img loading=\"lazy\" decoding=\"async\" width=\"1024\" height=\"768\" src=\"https:\/\/caferaceclub.ch\/wp-content\/uploads\/2020\/05\/IMG_5735-1024x768.jpg\" alt=\"\" class=\"wp-image-307\" srcset=\"https:\/\/caferaceclub.ch\/wp-content\/uploads\/2020\/05\/IMG_5735-1024x768.jpg 1024w, https:\/\/caferaceclub.ch\/wp-content\/uploads\/2020\/05\/IMG_5735-300x225.jpg 300w, https:\/\/caferaceclub.ch\/wp-content\/uploads\/2020\/05\/IMG_5735-768x576.jpg 768w, https:\/\/caferaceclub.ch\/wp-content\/uploads\/2020\/05\/IMG_5735-1536x1152.jpg 1536w, https:\/\/caferaceclub.ch\/wp-content\/uploads\/2020\/05\/IMG_5735-2048x1536.jpg 2048w, https:\/\/caferaceclub.ch\/wp-content\/uploads\/2020\/05\/IMG_5735-350x263.jpg 350w\" sizes=\"auto, (max-width: 706px) 89vw, (max-width: 767px) 82vw, 740px\" \/><\/figure>\n\n\n\n<p>Alle Anbauteile sind aus Aluminium nachgebildet, nat\u00fcrlich auf Kundenwunsch. Kotschutz vo. \/ hi. d\u00fcrften nach unserem Geschmack l\u00e4nger \/ k\u00fcrzer sein. Die Airbox ist uns hingegen sehr gut gelungen. Der 600r atmet frische Stadtluft und ist somit mit dem optimierten Vergaser im unteren wie im oberen Drehzahlbereich sehr agil am Gas. <\/p>\n\n\n\n<figure class=\"wp-block-image size-large\"><img loading=\"lazy\" decoding=\"async\" width=\"1024\" height=\"743\" src=\"https:\/\/caferaceclub.ch\/wp-content\/uploads\/2020\/05\/IMG_5734-1024x743.jpg\" alt=\"\" class=\"wp-image-308\" srcset=\"https:\/\/caferaceclub.ch\/wp-content\/uploads\/2020\/05\/IMG_5734-1024x743.jpg 1024w, https:\/\/caferaceclub.ch\/wp-content\/uploads\/2020\/05\/IMG_5734-300x218.jpg 300w, https:\/\/caferaceclub.ch\/wp-content\/uploads\/2020\/05\/IMG_5734-768x558.jpg 768w, https:\/\/caferaceclub.ch\/wp-content\/uploads\/2020\/05\/IMG_5734-1536x1115.jpg 1536w, https:\/\/caferaceclub.ch\/wp-content\/uploads\/2020\/05\/IMG_5734-2048x1487.jpg 2048w, https:\/\/caferaceclub.ch\/wp-content\/uploads\/2020\/05\/IMG_5734-350x254.jpg 350w\" sizes=\"auto, (max-width: 706px) 89vw, (max-width: 767px) 82vw, 740px\" \/><\/figure>\n\n\n\n<p>Die Lampenmaske, dem orig. nachempfunden, aus polierten Alu ist richtig sch\u00f6n &#8222;vintage&#8220; geworden. Die Felgen, Naben und Speichen sind Pulverbeschichtet.<\/p>\n","protected":false},"excerpt":{"rendered":"<p>Die Yamaha ist ein Kundenprojekt, und entstand aus dem Enthusiasmus des Endurofahrers, der sich \u00fcber jegliche Gewichtsersparnisse freut. Die Yamaha TT 600 R weist den Jahrgang 2000 auf und hat ab Werk ein \u00d6hlins Federbein hinten. Der Einzylinder ist luftgek\u00fchlt und sehr KM resistent. Der Abstecher auf die Autobahn ist aber auch hier zu vermeiden. &hellip; <\/p>\n<p class=\"link-more\"><a href=\"https:\/\/caferaceclub.ch\/index.php\/crc-yamaha-tt-600-r\/\" class=\"more-link\"><span class=\"screen-reader-text\">\u201eCRC Yamaha TT 600 R\u201c <\/span>weiterlesen<\/a><\/p>\n","protected":false},"author":1,"featured_media":127,"parent":0,"menu_order":0,"comment_status":"closed","ping_status":"closed","template":"","meta":{"footnotes":""},"class_list":["post-126","page","type-page","status-publish","has-post-thumbnail","hentry"],"_links":{"self":[{"href":"https:\/\/caferaceclub.ch\/index.php\/wp-json\/wp\/v2\/pages\/126","targetHints":{"allow":["GET"]}}],"collection":[{"href":"https:\/\/caferaceclub.ch\/index.php\/wp-json\/wp\/v2\/pages"}],"about":[{"href":"https:\/\/caferaceclub.ch\/index.php\/wp-json\/wp\/v2\/types\/page"}],"author":[{"embeddable":true,"href":"https:\/\/caferaceclub.ch\/index.php\/wp-json\/wp\/v2\/users\/1"}],"replies":[{"embeddable":true,"href":"https:\/\/caferaceclub.ch\/index.php\/wp-json\/wp\/v2\/comments?post=126"}],"version-history":[{"count":6,"href":"https:\/\/caferaceclub.ch\/index.php\/wp-json\/wp\/v2\/pages\/126\/revisions"}],"predecessor-version":[{"id":439,"href":"https:\/\/caferaceclub.ch\/index.php\/wp-json\/wp\/v2\/pages\/126\/revisions\/439"}],"wp:featuredmedia":[{"embeddable":true,"href":"https:\/\/caferaceclub.ch\/index.php\/wp-json\/wp\/v2\/media\/127"}],"wp:attachment":[{"href":"https:\/\/caferaceclub.ch\/index.php\/wp-json\/wp\/v2\/media?parent=126"}],"curies":[{"name":"wp","href":"https:\/\/api.w.org\/{rel}","templated":true}]}}