{"id":360,"date":"2020-05-30T19:47:08","date_gmt":"2020-05-30T19:47:08","guid":{"rendered":"https:\/\/caferaceclub.ch\/?page_id=360"},"modified":"2020-05-30T20:29:29","modified_gmt":"2020-05-30T20:29:29","slug":"crc-ktm-lc4","status":"publish","type":"page","link":"https:\/\/caferaceclub.ch\/index.php\/crc-ktm-lc4\/","title":{"rendered":"CRC KTM 640 LC4 Enduro"},"content":{"rendered":"\n<p>Die KTM aus dem Jahre 2003 ist mit einem Hubraum von 640ccm und einer Leistung von 40 KW ist ein guter Begleiter f\u00fcr z. B. Alpen-Touren. Sie ist, wie alle Einzylinder, nicht f\u00fcr die Autobahn geeignet. Solch ein Bike findet man schon ab ca. CHF 3500.- auf dem Occasions-Motorradmarkt in der Schweiz.<\/p>\n\n\n\n<figure class=\"wp-block-image size-large\"><img loading=\"lazy\" decoding=\"async\" width=\"1024\" height=\"681\" src=\"https:\/\/caferaceclub.ch\/wp-content\/uploads\/2020\/05\/CRC_KTM_LC4-1024x681.png\" alt=\"\" class=\"wp-image-372\" srcset=\"https:\/\/caferaceclub.ch\/wp-content\/uploads\/2020\/05\/CRC_KTM_LC4-1024x681.png 1024w, https:\/\/caferaceclub.ch\/wp-content\/uploads\/2020\/05\/CRC_KTM_LC4-300x200.png 300w, https:\/\/caferaceclub.ch\/wp-content\/uploads\/2020\/05\/CRC_KTM_LC4-768x511.png 768w, https:\/\/caferaceclub.ch\/wp-content\/uploads\/2020\/05\/CRC_KTM_LC4-1536x1022.png 1536w, https:\/\/caferaceclub.ch\/wp-content\/uploads\/2020\/05\/CRC_KTM_LC4-2048x1362.png 2048w, https:\/\/caferaceclub.ch\/wp-content\/uploads\/2020\/05\/CRC_KTM_LC4-350x233.png 350w\" sizes=\"auto, (max-width: 706px) 89vw, (max-width: 767px) 82vw, 740px\" \/><\/figure>\n\n\n\n<p>Kickstarter und Anlasser, K\u00fchlerl\u00fcfter sowie eine Fahrzeugbatterie sorgen f\u00fcr ein stressfreies Gef\u00fchl w\u00e4hrend der Mittagspause beim Ausritt, die KATI l\u00e4sst sich kalt wie warm gut Starten. Der LC4 Motor ist ein gutm\u00fctiger, zuverl\u00e4ssiger, drehmomentstarker Partner bei guter &#8222;Haltung&#8220;. <\/p>\n","protected":false},"excerpt":{"rendered":"<p>Die KTM aus dem Jahre 2003 ist mit einem Hubraum von 640ccm und einer Leistung von 40 KW ist ein guter Begleiter f\u00fcr z. B. Alpen-Touren. Sie ist, wie alle Einzylinder, nicht f\u00fcr die Autobahn geeignet. Solch ein Bike findet man schon ab ca. CHF 3500.- auf dem Occasions-Motorradmarkt in der Schweiz. Kickstarter und Anlasser, &hellip; <\/p>\n<p class=\"link-more\"><a href=\"https:\/\/caferaceclub.ch\/index.php\/crc-ktm-lc4\/\" class=\"more-link\"><span class=\"screen-reader-text\">\u201eCRC KTM 640 LC4 Enduro\u201c <\/span>weiterlesen<\/a><\/p>\n","protected":false},"author":1,"featured_media":375,"parent":0,"menu_order":0,"comment_status":"closed","ping_status":"closed","template":"","meta":{"footnotes":""},"class_list":["post-360","page","type-page","status-publish","has-post-thumbnail","hentry"],"_links":{"self":[{"href":"https:\/\/caferaceclub.ch\/index.php\/wp-json\/wp\/v2\/pages\/360","targetHints":{"allow":["GET"]}}],"collection":[{"href":"https:\/\/caferaceclub.ch\/index.php\/wp-json\/wp\/v2\/pages"}],"about":[{"href":"https:\/\/caferaceclub.ch\/index.php\/wp-json\/wp\/v2\/types\/page"}],"author":[{"embeddable":true,"href":"https:\/\/caferaceclub.ch\/index.php\/wp-json\/wp\/v2\/users\/1"}],"replies":[{"embeddable":true,"href":"https:\/\/caferaceclub.ch\/index.php\/wp-json\/wp\/v2\/comments?post=360"}],"version-history":[{"count":7,"href":"https:\/\/caferaceclub.ch\/index.php\/wp-json\/wp\/v2\/pages\/360\/revisions"}],"predecessor-version":[{"id":378,"href":"https:\/\/caferaceclub.ch\/index.php\/wp-json\/wp\/v2\/pages\/360\/revisions\/378"}],"wp:featuredmedia":[{"embeddable":true,"href":"https:\/\/caferaceclub.ch\/index.php\/wp-json\/wp\/v2\/media\/375"}],"wp:attachment":[{"href":"https:\/\/caferaceclub.ch\/index.php\/wp-json\/wp\/v2\/media?parent=360"}],"curies":[{"name":"wp","href":"https:\/\/api.w.org\/{rel}","templated":true}]}}