{"id":664,"date":"2026-02-24T09:52:08","date_gmt":"2026-02-24T09:52:08","guid":{"rendered":"https:\/\/caferaceclub.ch\/?page_id=664"},"modified":"2026-02-24T09:52:39","modified_gmt":"2026-02-24T09:52:39","slug":"dienstleistungen","status":"publish","type":"page","link":"https:\/\/caferaceclub.ch\/index.php\/dienstleistungen\/","title":{"rendered":"Dienstleistungen"},"content":{"rendered":"\n<p><strong>Service und Reparatur aller Marken<\/strong><\/p>\n\n\n\n<p>Gerne kannst du uns jederzeit bez\u00fcglich einer anstehenden Arbeit an deinem geliebten Motorrad per Mail kontaktieren. Wir antworten innert n\u00fctzlicher Frist (in der Regel innerhalb von sp\u00e4testens 48 h).<\/p>\n\n\n\n<figure class=\"wp-block-image size-large\"><img loading=\"lazy\" decoding=\"async\" width=\"1024\" height=\"768\" src=\"https:\/\/caferaceclub.ch\/wp-content\/uploads\/2020\/05\/IMG_5048-1024x768.jpg\" alt=\"\" class=\"wp-image-314\" srcset=\"https:\/\/caferaceclub.ch\/wp-content\/uploads\/2020\/05\/IMG_5048-1024x768.jpg 1024w, https:\/\/caferaceclub.ch\/wp-content\/uploads\/2020\/05\/IMG_5048-300x225.jpg 300w, https:\/\/caferaceclub.ch\/wp-content\/uploads\/2020\/05\/IMG_5048-768x576.jpg 768w, https:\/\/caferaceclub.ch\/wp-content\/uploads\/2020\/05\/IMG_5048-1536x1152.jpg 1536w, https:\/\/caferaceclub.ch\/wp-content\/uploads\/2020\/05\/IMG_5048-2048x1536.jpg 2048w, https:\/\/caferaceclub.ch\/wp-content\/uploads\/2020\/05\/IMG_5048-350x263.jpg 350w\" sizes=\"auto, (max-width: 706px) 89vw, (max-width: 767px) 82vw, 740px\" \/><\/figure>\n\n\n\n<p>Ob Service, Reifenwechsel, Reparatur oder ein aufwendiger Umbau, nach der ersten Kontaktaufnahme per Mail, mit m\u00f6glichst genauer Beschreibung der gew\u00fcnschten Arbeiten, k\u00f6nnen wir eine Offerte ausarbeiten um die Arbeiten in Angriff zu nehmen.<\/p>\n\n\n\n<p>Z\u00f6gere nicht, wir haben gen\u00fcgend Kapazit\u00e4ten \ud83d\ude09<\/p>\n\n\n\n<p><a href=\"mailto: info@caferaceclub.ch\">info@caferaceclub.ch <\/a><\/p>\n\n\n\n<figure class=\"wp-block-image size-large\"><img loading=\"lazy\" decoding=\"async\" width=\"1024\" height=\"936\" src=\"https:\/\/caferaceclub.ch\/wp-content\/uploads\/2026\/02\/Ducsfv4s_1-1024x936.png\" alt=\"\" class=\"wp-image-645\" srcset=\"https:\/\/caferaceclub.ch\/wp-content\/uploads\/2026\/02\/Ducsfv4s_1-1024x936.png 1024w, https:\/\/caferaceclub.ch\/wp-content\/uploads\/2026\/02\/Ducsfv4s_1-300x274.png 300w, https:\/\/caferaceclub.ch\/wp-content\/uploads\/2026\/02\/Ducsfv4s_1-768x702.png 768w, https:\/\/caferaceclub.ch\/wp-content\/uploads\/2026\/02\/Ducsfv4s_1-1536x1404.png 1536w, https:\/\/caferaceclub.ch\/wp-content\/uploads\/2026\/02\/Ducsfv4s_1-350x320.png 350w, https:\/\/caferaceclub.ch\/wp-content\/uploads\/2026\/02\/Ducsfv4s_1.png 1661w\" sizes=\"auto, (max-width: 706px) 89vw, (max-width: 767px) 82vw, 740px\" \/><\/figure>\n","protected":false},"excerpt":{"rendered":"<p>Service und Reparatur aller Marken Gerne kannst du uns jederzeit bez\u00fcglich einer anstehenden Arbeit an deinem geliebten Motorrad per Mail kontaktieren. Wir antworten innert n\u00fctzlicher Frist (in der Regel innerhalb von sp\u00e4testens 48 h). Ob Service, Reifenwechsel, Reparatur oder ein aufwendiger Umbau, nach der ersten Kontaktaufnahme per Mail, mit m\u00f6glichst genauer Beschreibung der gew\u00fcnschten Arbeiten, &hellip; <\/p>\n<p class=\"link-more\"><a href=\"https:\/\/caferaceclub.ch\/index.php\/dienstleistungen\/\" class=\"more-link\"><span class=\"screen-reader-text\">\u201eDienstleistungen\u201c <\/span>weiterlesen<\/a><\/p>\n","protected":false},"author":1,"featured_media":143,"parent":0,"menu_order":0,"comment_status":"closed","ping_status":"closed","template":"","meta":{"footnotes":""},"class_list":["post-664","page","type-page","status-publish","has-post-thumbnail","hentry"],"_links":{"self":[{"href":"https:\/\/caferaceclub.ch\/index.php\/wp-json\/wp\/v2\/pages\/664","targetHints":{"allow":["GET"]}}],"collection":[{"href":"https:\/\/caferaceclub.ch\/index.php\/wp-json\/wp\/v2\/pages"}],"about":[{"href":"https:\/\/caferaceclub.ch\/index.php\/wp-json\/wp\/v2\/types\/page"}],"author":[{"embeddable":true,"href":"https:\/\/caferaceclub.ch\/index.php\/wp-json\/wp\/v2\/users\/1"}],"replies":[{"embeddable":true,"href":"https:\/\/caferaceclub.ch\/index.php\/wp-json\/wp\/v2\/comments?post=664"}],"version-history":[{"count":3,"href":"https:\/\/caferaceclub.ch\/index.php\/wp-json\/wp\/v2\/pages\/664\/revisions"}],"predecessor-version":[{"id":667,"href":"https:\/\/caferaceclub.ch\/index.php\/wp-json\/wp\/v2\/pages\/664\/revisions\/667"}],"wp:featuredmedia":[{"embeddable":true,"href":"https:\/\/caferaceclub.ch\/index.php\/wp-json\/wp\/v2\/media\/143"}],"wp:attachment":[{"href":"https:\/\/caferaceclub.ch\/index.php\/wp-json\/wp\/v2\/media?parent=664"}],"curies":[{"name":"wp","href":"https:\/\/api.w.org\/{rel}","templated":true}]}}