{"id":8,"date":"2018-10-01T09:22:20","date_gmt":"2018-10-01T09:22:20","guid":{"rendered":"https:\/\/caferaceclub.ch\/?page_id=8"},"modified":"2026-02-25T08:04:26","modified_gmt":"2026-02-25T08:04:26","slug":"startseite","status":"publish","type":"page","link":"https:\/\/caferaceclub.ch\/","title":{"rendered":"Home"},"content":{"rendered":"<h5><strong>Willkommen bei Cafe Race Club<\/strong><\/h5>\n<p>Der CRC ist ein Treffpunkt f\u00fcr Biker die wissen was es bedeutet, wenn man unz\u00e4hlige Arbeitsstunden in ein Gef\u00e4hrt innvestiert, um den eigenen Vorstellungen bez\u00fcglich der Leistung und der Optik gerecht zu werden. Dieses sogenannte &#8222;Custombike&#8220; muss aber nicht zwingend gleich mal die Pensionskasse vorbez\u00fcglich leeren.<\/p>\n\n<div class=\"wp-block-image\">\n<figure class=\"aligncenter size-large\"><img loading=\"lazy\" decoding=\"async\" width=\"1024\" height=\"768\" src=\"https:\/\/caferaceclub.ch\/wp-content\/uploads\/2020\/06\/CRC_MG_V11-1024x768.png\" alt=\"\" class=\"wp-image-423\" srcset=\"https:\/\/caferaceclub.ch\/wp-content\/uploads\/2020\/06\/CRC_MG_V11-1024x768.png 1024w, https:\/\/caferaceclub.ch\/wp-content\/uploads\/2020\/06\/CRC_MG_V11-300x225.png 300w, https:\/\/caferaceclub.ch\/wp-content\/uploads\/2020\/06\/CRC_MG_V11-768x576.png 768w, https:\/\/caferaceclub.ch\/wp-content\/uploads\/2020\/06\/CRC_MG_V11-1536x1152.png 1536w, https:\/\/caferaceclub.ch\/wp-content\/uploads\/2020\/06\/CRC_MG_V11-350x263.png 350w, https:\/\/caferaceclub.ch\/wp-content\/uploads\/2020\/06\/CRC_MG_V11.png 1600w\" sizes=\"auto, (max-width: 706px) 89vw, (max-width: 767px) 82vw, 740px\" \/><\/figure>\n<\/div>\n\n\n<p>Um mehr dar\u00fcber zu erfahren erkunde unseren Online-Auftritt und finde heraus was hinter dem Cafe Race Club steckt. Welche Motivation und welche Grundgedanken der Antrieb des CRC sind\u2026<\/p>\n","protected":false},"excerpt":{"rendered":"<p>Willkommen bei Cafe Race Club Der CRC ist ein Treffpunkt f\u00fcr Biker die wissen was es bedeutet, wenn man unz\u00e4hlige Arbeitsstunden in ein Gef\u00e4hrt innvestiert, um den eigenen Vorstellungen bez\u00fcglich der Leistung und der Optik gerecht zu werden. Dieses sogenannte &#8222;Custombike&#8220; muss aber nicht zwingend gleich mal die Pensionskasse vorbez\u00fcglich leeren. Um mehr dar\u00fcber zu &hellip; <\/p>\n<p class=\"link-more\"><a href=\"https:\/\/caferaceclub.ch\/\" class=\"more-link\"><span class=\"screen-reader-text\">\u201eHome\u201c <\/span>weiterlesen<\/a><\/p>\n","protected":false},"author":1,"featured_media":531,"parent":0,"menu_order":0,"comment_status":"closed","ping_status":"closed","template":"","meta":{"footnotes":""},"class_list":["post-8","page","type-page","status-publish","has-post-thumbnail","hentry"],"_links":{"self":[{"href":"https:\/\/caferaceclub.ch\/index.php\/wp-json\/wp\/v2\/pages\/8","targetHints":{"allow":["GET"]}}],"collection":[{"href":"https:\/\/caferaceclub.ch\/index.php\/wp-json\/wp\/v2\/pages"}],"about":[{"href":"https:\/\/caferaceclub.ch\/index.php\/wp-json\/wp\/v2\/types\/page"}],"author":[{"embeddable":true,"href":"https:\/\/caferaceclub.ch\/index.php\/wp-json\/wp\/v2\/users\/1"}],"replies":[{"embeddable":true,"href":"https:\/\/caferaceclub.ch\/index.php\/wp-json\/wp\/v2\/comments?post=8"}],"version-history":[{"count":12,"href":"https:\/\/caferaceclub.ch\/index.php\/wp-json\/wp\/v2\/pages\/8\/revisions"}],"predecessor-version":[{"id":674,"href":"https:\/\/caferaceclub.ch\/index.php\/wp-json\/wp\/v2\/pages\/8\/revisions\/674"}],"wp:featuredmedia":[{"embeddable":true,"href":"https:\/\/caferaceclub.ch\/index.php\/wp-json\/wp\/v2\/media\/531"}],"wp:attachment":[{"href":"https:\/\/caferaceclub.ch\/index.php\/wp-json\/wp\/v2\/media?parent=8"}],"curies":[{"name":"wp","href":"https:\/\/api.w.org\/{rel}","templated":true}]}}